{"id":687,"date":"2024-02-12T16:11:56","date_gmt":"2024-02-12T16:11:56","guid":{"rendered":"https:\/\/familie-brust.diskstation.me\/wp2\/?page_id=687"},"modified":"2025-01-17T12:33:22","modified_gmt":"2025-01-17T12:33:22","slug":"datenschutz","status":"publish","type":"page","link":"https:\/\/familie-brust.diskstation.me\/wp2\/datenschutz\/","title":{"rendered":"Datenschutz"},"content":{"rendered":"\n<meta http-equiv=\"content-type\" content=\"text\/html; charset=utf-8\">\n\t<title>Datenschutz<\/title>\n\t<meta name=\"generator\" content=\"LibreOffice 7.6.4.1 (Windows)\">\n\t<meta name=\"created\" content=\"2024-02-12T16:30:08.525000000\">\n\t<meta name=\"changed\" content=\"2024-02-12T16:31:36.439000000\">\n\t<style type=\"text\/css\">\n\t\t@page { size: 21cm 29.7cm; margin: 2cm }\n\t\tp { line-height: 115%; margin-bottom: 0.25cm; background: transparent }\n\t\th2 { margin-top: 0.35cm; margin-bottom: 0.21cm; background: transparent; page-break-after: avoid }\n\t\th2.western { font-family: \"Liberation Serif\", serif; font-size: 18pt; font-weight: bold }\n\t\th2.cjk { font-family: \"NSimSun\"; font-size: 18pt; font-weight: bold }\n\t\th2.ctl { font-family: \"Arial\"; font-size: 18pt; font-weight: bold }\n\t<\/style>\n<h1>Datenschutz<\/h1>\n<h2 class=\"western\">\nWer wir sind<\/h2>\n<div id=\"privacy-settings-accordion-block-wordpress\" dir=\"ltr\"><p>Die\n\tAdresse unserer Website ist: https:\/\/familie-brust.de<\/p>\n\t<h2 class=\"western\">Kommentare<\/h2>\n\t<p>Wenn Besucher Kommentare auf der Website schreiben, sammeln wir\n\tdie Daten, die im Kommentar-Formular angezeigt werden, au\u00dferdem die\n\tIP-Adresse des Besuchers und den User-Agent-String (damit wird der\n\tBrowser identifiziert), um die Erkennung von Spam zu unterst\u00fctzen.<\/p>\n\t<p>Aus deiner E-Mail-Adresse kann eine anonymisierte Zeichenfolge\n\terstellt (auch Hash genannt) und dem Gravatar-Dienst \u00fcbergeben\n\twerden, um zu pr\u00fcfen, ob du diesen benutzt. Die\n\tDatenschutzerkl\u00e4rung des Gravatar-Dienstes findest du hier:\n\thttps:\/\/automattic.com\/privacy\/. Nachdem dein Kommentar freigegeben\n\twurde, ist dein Profilbild \u00f6ffentlich im Kontext deines Kommentars\n\tsichtbar.<\/p>\n\t<h2 class=\"western\">Medien<\/h2>\n\t<p>Wenn du ein registrierter Benutzer bist und Fotos auf diese\n\tWebsite l\u00e4dst, solltest du vermeiden, Fotos mit einem\n\tEXIF-GPS-Standort hochzuladen. Besucher dieser Website k\u00f6nnten\n\tFotos, die auf dieser Website gespeichert sind, herunterladen und\n\tderen Standort-Informationen extrahieren.<\/p>\n\t<h2 class=\"western\">Cookies<\/h2>\n\t<p>Wenn du einen Kommentar auf unserer Website schreibst, kann das\n\teine Einwilligung sein, deinen Namen, E-Mail-Adresse und Website in\n\tCookies zu speichern. Dies ist eine Komfortfunktion, damit du nicht,\n\twenn du einen weiteren Kommentar schreibst, all diese Daten erneut\n\teingeben musst. Diese Cookies werden ein Jahr lang gespeichert.<\/p>\n\t<p>Falls du ein Konto hast und dich auf dieser Website anmeldest,\n\twerden wir ein tempor\u00e4res Cookie setzen, um festzustellen, ob dein\n\tBrowser Cookies akzeptiert. Dieses Cookie enth\u00e4lt keine\n\tpersonenbezogenen Daten und wird verworfen, wenn du deinen Browser\n\tschlie\u00dft.<\/p>\n\t<p>Wenn du dich anmeldest, werden wir einige Cookies einrichten, um\n\tdeine Anmeldeinformationen und Anzeigeoptionen zu speichern.\n\tAnmelde-Cookies verfallen nach zwei Tagen und Cookies f\u00fcr die\n\tAnzeigeoptionen nach einem Jahr. Falls du bei der Anmeldung\n\t\u201eAngemeldet bleiben\u201c ausw\u00e4hlst, wird deine Anmeldung zwei\n\tWochen lang aufrechterhalten. Mit der Abmeldung aus deinem Konto\n\twerden die Anmelde-Cookies gel\u00f6scht.<\/p>\n\t<p>Wenn du einen Artikel bearbeitest oder ver\u00f6ffentlichst, wird ein\n\tzus\u00e4tzlicher Cookie in deinem Browser gespeichert. Dieser Cookie\n\tenth\u00e4lt keine personenbezogenen Daten und verweist nur auf die\n\tBeitrags-ID des Artikels, den du gerade bearbeitet hast. Der Cookie\n\tverf\u00e4llt nach einem Tag.<\/p>\n\t<h2 class=\"western\">Eingebettete Inhalte von anderen Websites<\/h2>\n\t<p>Beitr\u00e4ge auf dieser Website k\u00f6nnen eingebettete Inhalte\n\tbeinhalten (z.&nbsp;B. Videos, Bilder, Beitr\u00e4ge etc.). Eingebettete\n\tInhalte von anderen Websites verhalten sich exakt so, als ob der\n\tBesucher die andere Website besucht h\u00e4tte.<\/p>\n\t<p>Diese Websites k\u00f6nnen Daten \u00fcber dich sammeln, Cookies\n\tbenutzen, zus\u00e4tzliche Tracking-Dienste von Dritten einbetten und\n\tdeine Interaktion mit diesem eingebetteten Inhalt aufzeichnen,\n\tinklusive deiner Interaktion mit dem eingebetteten Inhalt, falls du\n\tein Konto hast und auf dieser Website angemeldet bist.<\/p>\n\t<h2 class=\"western\">Mit wem wir deine Daten teilen<\/h2>\n\t<p>Wenn du eine Zur\u00fccksetzung des Passworts beantragst, wird deine\n\tIP-Adresse in der E-Mail zur Zur\u00fccksetzung enthalten sein.<\/p>\n\t<h2 class=\"western\">Wie lange wir deine Daten speichern<\/h2>\n\t<p>Wenn du einen Kommentar schreibst, wird dieser inklusive\n\tMetadaten zeitlich unbegrenzt gespeichert. Auf diese Art k\u00f6nnen wir\n\tFolgekommentare automatisch erkennen und freigeben, anstatt sie in\n\teiner Moderations-Warteschlange festzuhalten.<\/p>\n\t<p>F\u00fcr Benutzer, die sich auf unserer Website registrieren,\n\tspeichern wir zus\u00e4tzlich die pers\u00f6nlichen Informationen, die sie\n\tin ihren Benutzerprofilen angeben. Alle Benutzer k\u00f6nnen jederzeit\n\tihre pers\u00f6nlichen Informationen einsehen, ver\u00e4ndern oder l\u00f6schen\n\t(der Benutzername kann nicht ver\u00e4ndert werden). Administratoren der\n\tWebsite k\u00f6nnen diese Informationen ebenfalls einsehen und\n\tver\u00e4ndern.<\/p>\n\t<h2 class=\"western\">Welche Rechte du an deinen Daten hast<\/h2>\n\t<p>Wenn du ein Konto auf dieser Website besitzt oder Kommentare\n\tgeschrieben hast, kannst du einen Export deiner personenbezogenen\n\tDaten bei uns anfordern, inklusive aller Daten, die du uns\n\tmitgeteilt hast. Dar\u00fcber hinaus kannst du die L\u00f6schung aller\n\tpersonenbezogenen Daten, die wir von dir gespeichert haben,\n\tanfordern. Dies umfasst nicht die Daten, die wir aufgrund\n\tadministrativer, rechtlicher oder sicherheitsrelevanter\n\tNotwendigkeiten aufbewahren m\u00fcssen.<\/p>\n\t<h2 class=\"western\">Wohin deine Daten gesendet werden<\/h2>\n\t<p>Besucher-Kommentare k\u00f6nnten von einem automatisierten Dienst zur\n\tSpam-Erkennung untersucht werden.<\/p>\n<\/div>\n<p style=\"line-height: 100%; margin-bottom: 0cm\"><br>\n<\/p>\n\n\n\n<p>Zur Verwaltung der eingesetzten Cookies und \u00e4hnlichen Technologien (Tracking-Pixel, Web-Beacons etc.) und diesbez\u00fcglicher Einwilligungen setzen wir das Consent Tool &#8222;Real Cookie Banner&#8220; ein. Details zur Funktionsweise von &#8222;Real Cookie Banner&#8220; findest du unter <a href=\"https:\/\/devowl.io\/de\/rcb\/datenverarbeitung\/\" rel=\"noreferrer noopener\" target=\"_blank\">https:\/\/devowl.io\/de\/rcb\/datenverarbeitung\/<\/a>.<\/p>\n\n\n\n<p>Rechtsgrundlagen f\u00fcr die Verarbeitung von personenbezogenen Daten in diesem Zusammenhang sind Art. 6 Abs. 1 lit. c DS-GVO und Art. 6 Abs. 1 lit. f DS-GVO. Unser berechtigtes Interesse ist die Verwaltung der eingesetzten Cookies und \u00e4hnlichen Technologien und der diesbez\u00fcglichen Einwilligungen.<\/p>\n\n\n\n<p>Die Bereitstellung der personenbezogenen Daten ist weder vertraglich vorgeschrieben noch f\u00fcr den Abschluss eines Vertrages notwendig. Du bist nicht verpflichtet die personenbezogenen Daten bereitzustellen. Wenn du die personenbezogenen Daten nicht bereitstellst, k\u00f6nnen wir deine Einwilligungen nicht verwalten.<\/p>\n\n\n\n<p><\/p>\n","protected":false},"excerpt":{"rendered":"<p>Datenschutz Datenschutz Wer wir sind Die Adresse unserer Website ist: https:\/\/familie-brust.de Kommentare Wenn Besucher Kommentare auf der Website schreiben, sammeln wir die Daten, die im Kommentar-Formular angezeigt werden, au\u00dferdem die IP-Adresse des Besuchers und den User-Agent-String (damit wird der Browser identifiziert), um die Erkennung von Spam zu unterst\u00fctzen. Aus deiner E-Mail-Adresse kann eine anonymisierte Zeichenfolge [&hellip;]<\/p>\n","protected":false},"author":1,"featured_media":0,"parent":0,"menu_order":0,"comment_status":"closed","ping_status":"closed","template":"","meta":{"_uag_custom_page_level_css":"","site-sidebar-layout":"default","site-content-layout":"","ast-site-content-layout":"default","site-content-style":"default","site-sidebar-style":"default","ast-global-header-display":"","ast-banner-title-visibility":"","ast-main-header-display":"","ast-hfb-above-header-display":"","ast-hfb-below-header-display":"","ast-hfb-mobile-header-display":"","site-post-title":"disabled","ast-breadcrumbs-content":"","ast-featured-img":"","footer-sml-layout":"","ast-disable-related-posts":"","theme-transparent-header-meta":"","adv-header-id-meta":"","stick-header-meta":"","header-above-stick-meta":"","header-main-stick-meta":"","header-below-stick-meta":"","astra-migrate-meta-layouts":"set","ast-page-background-enabled":"default","ast-page-background-meta":{"desktop":{"background-color":"var(--ast-global-color-4)","background-image":"","background-repeat":"repeat","background-position":"center center","background-size":"auto","background-attachment":"scroll","background-type":"","background-media":"","overlay-type":"","overlay-color":"","overlay-opacity":"","overlay-gradient":""},"tablet":{"background-color":"","background-image":"","background-repeat":"repeat","background-position":"center center","background-size":"auto","background-attachment":"scroll","background-type":"","background-media":"","overlay-type":"","overlay-color":"","overlay-opacity":"","overlay-gradient":""},"mobile":{"background-color":"","background-image":"","background-repeat":"repeat","background-position":"center center","background-size":"auto","background-attachment":"scroll","background-type":"","background-media":"","overlay-type":"","overlay-color":"","overlay-opacity":"","overlay-gradient":""}},"ast-content-background-meta":{"desktop":{"background-color":"var(--ast-global-color-5)","background-image":"","background-repeat":"repeat","background-position":"center center","background-size":"auto","background-attachment":"scroll","background-type":"","background-media":"","overlay-type":"","overlay-color":"","overlay-opacity":"","overlay-gradient":""},"tablet":{"background-color":"var(--ast-global-color-5)","background-image":"","background-repeat":"repeat","background-position":"center center","background-size":"auto","background-attachment":"scroll","background-type":"","background-media":"","overlay-type":"","overlay-color":"","overlay-opacity":"","overlay-gradient":""},"mobile":{"background-color":"var(--ast-global-color-5)","background-image":"","background-repeat":"repeat","background-position":"center center","background-size":"auto","background-attachment":"scroll","background-type":"","background-media":"","overlay-type":"","overlay-color":"","overlay-opacity":"","overlay-gradient":""}},"footnotes":""},"class_list":["post-687","page","type-page","status-publish","hentry"],"uagb_featured_image_src":{"full":false,"thumbnail":false,"medium":false,"medium_large":false,"large":false,"1536x1536":false,"2048x2048":false},"uagb_author_info":{"display_name":"MartinWP","author_link":"https:\/\/familie-brust.diskstation.me\/wp2\/author\/martinwp\/"},"uagb_comment_info":0,"uagb_excerpt":"Datenschutz Datenschutz Wer wir sind Die Adresse unserer Website ist: https:\/\/familie-brust.de Kommentare Wenn Besucher Kommentare auf der Website schreiben, sammeln wir die Daten, die im Kommentar-Formular angezeigt werden, au\u00dferdem die IP-Adresse des Besuchers und den User-Agent-String (damit wird der Browser identifiziert), um die Erkennung von Spam zu unterst\u00fctzen. Aus deiner E-Mail-Adresse kann eine anonymisierte Zeichenfolge&hellip;","_links":{"self":[{"href":"https:\/\/familie-brust.diskstation.me\/wp2\/wp-json\/wp\/v2\/pages\/687","targetHints":{"allow":["GET"]}}],"collection":[{"href":"https:\/\/familie-brust.diskstation.me\/wp2\/wp-json\/wp\/v2\/pages"}],"about":[{"href":"https:\/\/familie-brust.diskstation.me\/wp2\/wp-json\/wp\/v2\/types\/page"}],"author":[{"embeddable":true,"href":"https:\/\/familie-brust.diskstation.me\/wp2\/wp-json\/wp\/v2\/users\/1"}],"replies":[{"embeddable":true,"href":"https:\/\/familie-brust.diskstation.me\/wp2\/wp-json\/wp\/v2\/comments?post=687"}],"version-history":[{"count":4,"href":"https:\/\/familie-brust.diskstation.me\/wp2\/wp-json\/wp\/v2\/pages\/687\/revisions"}],"predecessor-version":[{"id":4288,"href":"https:\/\/familie-brust.diskstation.me\/wp2\/wp-json\/wp\/v2\/pages\/687\/revisions\/4288"}],"wp:attachment":[{"href":"https:\/\/familie-brust.diskstation.me\/wp2\/wp-json\/wp\/v2\/media?parent=687"}],"curies":[{"name":"wp","href":"https:\/\/api.w.org\/{rel}","templated":true}]}}