{"id":4818,"date":"2025-10-08T05:52:35","date_gmt":"2025-10-08T05:52:35","guid":{"rendered":"https:\/\/familie-brust.diskstation.me\/wp2\/?page_id=4818"},"modified":"2025-10-08T06:20:47","modified_gmt":"2025-10-08T06:20:47","slug":"home-tools","status":"publish","type":"page","link":"https:\/\/familie-brust.diskstation.me\/wp2\/home-tools\/","title":{"rendered":"Home-Tools"},"content":{"rendered":"\n<div class=\"wp-block-uagb-container uagb-block-b38d5393 alignfull uagb-is-root-container\"><div class=\"uagb-container-inner-blocks-wrap\">\n<div style=\"height:50px\" aria-hidden=\"true\" class=\"wp-block-spacer\"><\/div>\n\n\n\n<div class=\"wp-block-uagb-advanced-heading uagb-block-8c21d49d\"><h2 class=\"uagb-heading-text\">Tools<\/h2><\/div>\n\n\n\n<p>Eine Sammlung von Werkzeugen, die jeder gebrauchen kann.<\/p>\n<\/div><\/div>\n\n\n\n<div class=\"wp-block-uagb-container uagb-block-182e6670 alignfull uagb-is-root-container\"><div class=\"uagb-container-inner-blocks-wrap\">\n<div class=\"wp-block-uagb-container uagb-block-7538b6e4\">\n<h4 class=\"wp-block-heading\">Das Wetter in Winnenden<\/h4>\n\n\n\n<iframe width='300' height='365' name='FC3' style='border:1px solid;border-color:transparent;' src='https:\/\/api.wetteronline.de\/wetterwidget?gid=x5223&#038;modeid=FC3&#038;seourl=winnenden&#038;locationname=Winnenden&#038;lang=de'><\/iframe>\n<\/div>\n\n\n\n<div class=\"wp-block-uagb-container uagb-block-6a0f4be2\">\n<h4 class=\"wp-block-heading\">Fahrplanauskunft<\/h4>\n\n\n\n<iframe loading=\"lazy\" title=\"VVS Verbindungswidget\" frameborder=\"0\" style=\"border: 0;\" width=\"340\" height=\"400\" src=\"https:\/\/www.vvs.de\/services\/efaaufhp\/widgets\/a-nach-b.html?destId=de%3A08119%3A7605&#038;dest=Winnenden%2C%20Bahnhof&#038;type=train\"><\/iframe>\n<\/div>\n<\/div><\/div>\n\n\n\n<h4 class=\"wp-block-heading\">Wie ist meine IP-Adresse im Internet (Router)<\/h4>\n\n\n\n<p><a href=\"https:\/\/www.wieistmeineip.de\">https:\/\/www.wieistmeineip.de<\/a><\/p>\n\n\n\n<div class=\"wp-block-uagb-advanced-heading uagb-block-b1767263\"><h4 class=\"uagb-heading-text\">GPS und Routenplanungs Tools<\/h4><p class=\"uagb-desc-text\"><a href=\"https:\/\/familie-brust.diskstation.me\/wp2\/gps-tomtom\/\" data-type=\"page\" data-id=\"3425\">Die Werkzeuge, die ich regelm\u00e4\u00dfig f\u00fcr die Tourenplanung benutze.<\/a><\/p><\/div>\n\n\n\n<div class=\"wp-block-uagb-advanced-heading uagb-block-72a7c76c\"><h4 class=\"uagb-heading-text\">Internettools<\/h4><\/div>\n\n\n\n<div class=\"wp-block-uagb-icon-list uagb-block-a517aa6f\"><div class=\"uagb-icon-list__wrap\">\n<div class=\"wp-block-uagb-icon-list-child uagb-block-37c68dfc\"><a target=\"_self\" aria-label=\"Teamviewer Fernwartung (f\u00fcr Privatpersonen kostenlos)\" rel=\"noopener noreferrer\" href=\"https:\/\/www.teamviewer.com\/de\/download\/windows\/\"> <\/a><span class=\"uagb-icon-list__source-wrap\"><svg xmlns=\"https:\/\/www.w3.org\/2000\/svg\" viewBox=\"0 0 512 512\"><path d=\"M256 0C114.6 0 0 114.6 0 256c0 141.4 114.6 256 256 256s256-114.6 256-256C512 114.6 397.4 0 256 0zM406.6 278.6l-103.1 103.1c-12.5 12.5-32.75 12.5-45.25 0s-12.5-32.75 0-45.25L306.8 288H128C110.3 288 96 273.7 96 256s14.31-32 32-32h178.8l-49.38-49.38c-12.5-12.5-12.5-32.75 0-45.25s32.75-12.5 45.25 0l103.1 103.1C414.6 241.3 416 251.1 416 256C416 260.9 414.6 270.7 406.6 278.6z\"><\/path><\/svg><\/span><span class=\"uagb-icon-list__label\">Teamviewer Fernwartung (f\u00fcr Privatpersonen <strong>kostenlos<\/strong>)<\/span><\/div>\n\n\n\n<div class=\"wp-block-uagb-icon-list-child uagb-block-09deb090\"><a target=\"_self\" aria-label=\"Online Ping\" rel=\"noopener noreferrer\" href=\"https:\/\/check-host.net\/\"> <\/a><span class=\"uagb-icon-list__source-wrap\"><svg xmlns=\"https:\/\/www.w3.org\/2000\/svg\" viewBox=\"0 0 512 512\"><path d=\"M256 0C114.6 0 0 114.6 0 256c0 141.4 114.6 256 256 256s256-114.6 256-256C512 114.6 397.4 0 256 0zM406.6 278.6l-103.1 103.1c-12.5 12.5-32.75 12.5-45.25 0s-12.5-32.75 0-45.25L306.8 288H128C110.3 288 96 273.7 96 256s14.31-32 32-32h178.8l-49.38-49.38c-12.5-12.5-12.5-32.75 0-45.25s32.75-12.5 45.25 0l103.1 103.1C414.6 241.3 416 251.1 416 256C416 260.9 414.6 270.7 406.6 278.6z\"><\/path><\/svg><\/span><span class=\"uagb-icon-list__label\">Online Ping<\/span><\/div>\n\n\n\n<div class=\"wp-block-uagb-icon-list-child uagb-block-67e9938d\"><a target=\"_self\" aria-label=\"Self HTML Nachschlagewerk f\u00fcr HTML\" rel=\"noopener noreferrer\" href=\"https:\/\/wiki.selfhtml.org\/wiki\/SELFHTML\"> <\/a><span class=\"uagb-icon-list__source-wrap\"><svg xmlns=\"https:\/\/www.w3.org\/2000\/svg\" viewBox=\"0 0 512 512\"><path d=\"M256 0C114.6 0 0 114.6 0 256c0 141.4 114.6 256 256 256s256-114.6 256-256C512 114.6 397.4 0 256 0zM406.6 278.6l-103.1 103.1c-12.5 12.5-32.75 12.5-45.25 0s-12.5-32.75 0-45.25L306.8 288H128C110.3 288 96 273.7 96 256s14.31-32 32-32h178.8l-49.38-49.38c-12.5-12.5-12.5-32.75 0-45.25s32.75-12.5 45.25 0l103.1 103.1C414.6 241.3 416 251.1 416 256C416 260.9 414.6 270.7 406.6 278.6z\"><\/path><\/svg><\/span><span class=\"uagb-icon-list__label\">Self HTML Nachschlagewerk f\u00fcr HTML<\/span><\/div>\n\n\n\n<div class=\"wp-block-uagb-icon-list-child uagb-block-d50c4ef5\"><a target=\"_self\" aria-label=\"The World Wide Web Consortium (W3C) Setzt die Standards im Internet\" rel=\"noopener noreferrer\" href=\"https:\/\/www.w3.org\/developers\/tools\/\"> <\/a><span class=\"uagb-icon-list__source-wrap\"><svg xmlns=\"https:\/\/www.w3.org\/2000\/svg\" viewBox=\"0 0 512 512\"><path d=\"M256 0C114.6 0 0 114.6 0 256c0 141.4 114.6 256 256 256s256-114.6 256-256C512 114.6 397.4 0 256 0zM406.6 278.6l-103.1 103.1c-12.5 12.5-32.75 12.5-45.25 0s-12.5-32.75 0-45.25L306.8 288H128C110.3 288 96 273.7 96 256s14.31-32 32-32h178.8l-49.38-49.38c-12.5-12.5-12.5-32.75 0-45.25s32.75-12.5 45.25 0l103.1 103.1C414.6 241.3 416 251.1 416 256C416 260.9 414.6 270.7 406.6 278.6z\"><\/path><\/svg><\/span><span class=\"uagb-icon-list__label\">The World Wide Web Consortium (W3C) Setzt die Standards im Internet<\/span><\/div>\n<\/div><\/div>\n\n\n\n<p><\/p>\n","protected":false},"excerpt":{"rendered":"<p>Tools Eine Sammlung von Werkzeugen, die jeder gebrauchen kann. Das Wetter in Winnenden Fahrplanauskunft Wie ist meine IP-Adresse im Internet (Router) https:\/\/www.wieistmeineip.de GPS und Routenplanungs Tools Die Werkzeuge, die ich regelm\u00e4\u00dfig f\u00fcr die Tourenplanung benutze. Internettools<\/p>\n","protected":false},"author":1,"featured_media":0,"parent":0,"menu_order":0,"comment_status":"closed","ping_status":"closed","template":"","meta":{"_uag_custom_page_level_css":"","site-sidebar-layout":"default","site-content-layout":"default","ast-site-content-layout":"default","site-content-style":"default","site-sidebar-style":"default","ast-global-header-display":"","ast-banner-title-visibility":"","ast-main-header-display":"","ast-hfb-above-header-display":"","ast-hfb-below-header-display":"","ast-hfb-mobile-header-display":"","site-post-title":"disabled","ast-breadcrumbs-content":"","ast-featured-img":"","footer-sml-layout":"","ast-disable-related-posts":"","theme-transparent-header-meta":"enabled","adv-header-id-meta":"","stick-header-meta":"","header-above-stick-meta":"","header-main-stick-meta":"","header-below-stick-meta":"","astra-migrate-meta-layouts":"set","ast-page-background-enabled":"default","ast-page-background-meta":{"desktop":{"background-color":"var(--ast-global-color-4)","background-image":"","background-repeat":"repeat","background-position":"center center","background-size":"auto","background-attachment":"scroll","background-type":"","background-media":"","overlay-type":"","overlay-color":"","overlay-opacity":"","overlay-gradient":""},"tablet":{"background-color":"","background-image":"","background-repeat":"repeat","background-position":"center center","background-size":"auto","background-attachment":"scroll","background-type":"","background-media":"","overlay-type":"","overlay-color":"","overlay-opacity":"","overlay-gradient":""},"mobile":{"background-color":"","background-image":"","background-repeat":"repeat","background-position":"center center","background-size":"auto","background-attachment":"scroll","background-type":"","background-media":"","overlay-type":"","overlay-color":"","overlay-opacity":"","overlay-gradient":""}},"ast-content-background-meta":{"desktop":{"background-color":"var(--ast-global-color-5)","background-image":"","background-repeat":"repeat","background-position":"center center","background-size":"auto","background-attachment":"scroll","background-type":"","background-media":"","overlay-type":"","overlay-color":"","overlay-opacity":"","overlay-gradient":""},"tablet":{"background-color":"var(--ast-global-color-5)","background-image":"","background-repeat":"repeat","background-position":"center center","background-size":"auto","background-attachment":"scroll","background-type":"","background-media":"","overlay-type":"","overlay-color":"","overlay-opacity":"","overlay-gradient":""},"mobile":{"background-color":"var(--ast-global-color-5)","background-image":"","background-repeat":"repeat","background-position":"center center","background-size":"auto","background-attachment":"scroll","background-type":"","background-media":"","overlay-type":"","overlay-color":"","overlay-opacity":"","overlay-gradient":""}},"footnotes":""},"class_list":["post-4818","page","type-page","status-publish","hentry"],"uagb_featured_image_src":{"full":false,"thumbnail":false,"medium":false,"medium_large":false,"large":false,"1536x1536":false,"2048x2048":false},"uagb_author_info":{"display_name":"MartinWP","author_link":"https:\/\/familie-brust.diskstation.me\/wp2\/author\/martinwp\/"},"uagb_comment_info":0,"uagb_excerpt":"Tools Eine Sammlung von Werkzeugen, die jeder gebrauchen kann. Das Wetter in Winnenden Fahrplanauskunft Wie ist meine IP-Adresse im Internet (Router) https:\/\/www.wieistmeineip.de GPS und Routenplanungs Tools Die Werkzeuge, die ich regelm\u00e4\u00dfig f\u00fcr die Tourenplanung benutze. Internettools","_links":{"self":[{"href":"https:\/\/familie-brust.diskstation.me\/wp2\/wp-json\/wp\/v2\/pages\/4818","targetHints":{"allow":["GET"]}}],"collection":[{"href":"https:\/\/familie-brust.diskstation.me\/wp2\/wp-json\/wp\/v2\/pages"}],"about":[{"href":"https:\/\/familie-brust.diskstation.me\/wp2\/wp-json\/wp\/v2\/types\/page"}],"author":[{"embeddable":true,"href":"https:\/\/familie-brust.diskstation.me\/wp2\/wp-json\/wp\/v2\/users\/1"}],"replies":[{"embeddable":true,"href":"https:\/\/familie-brust.diskstation.me\/wp2\/wp-json\/wp\/v2\/comments?post=4818"}],"version-history":[{"count":4,"href":"https:\/\/familie-brust.diskstation.me\/wp2\/wp-json\/wp\/v2\/pages\/4818\/revisions"}],"predecessor-version":[{"id":4829,"href":"https:\/\/familie-brust.diskstation.me\/wp2\/wp-json\/wp\/v2\/pages\/4818\/revisions\/4829"}],"wp:attachment":[{"href":"https:\/\/familie-brust.diskstation.me\/wp2\/wp-json\/wp\/v2\/media?parent=4818"}],"curies":[{"name":"wp","href":"https:\/\/api.w.org\/{rel}","templated":true}]}}