{"id":4744,"date":"2025-10-05T10:59:56","date_gmt":"2025-10-05T10:59:56","guid":{"rendered":"https:\/\/familie-brust.diskstation.me\/wp2\/?page_id=4744"},"modified":"2025-10-05T16:45:09","modified_gmt":"2025-10-05T16:45:09","slug":"home-fahrrad","status":"publish","type":"page","link":"https:\/\/familie-brust.diskstation.me\/wp2\/home-fahrrad\/","title":{"rendered":"Home-Fahrrad"},"content":{"rendered":"\n<div class=\"wp-block-uagb-container uagb-block-b38d5393 alignfull uagb-is-root-container\"><div class=\"uagb-container-inner-blocks-wrap\">\n<div class=\"wp-block-uagb-advanced-heading uagb-block-e9b5c71b\"><h2 class=\"uagb-heading-text\">Fahrrad<\/h2><\/div>\n\n\n\n<div class=\"wp-block-uagb-container uagb-block-79a7f674\">\n<div class=\"wp-block-uagb-advanced-heading uagb-block-7fd47026\"><h4 class=\"uagb-heading-text\">2022 Bozen<\/h4><p class=\"uagb-desc-text\"><a href=\"https:\/\/familie-brust.diskstation.me\/wp2\/bozen2022\/\" data-type=\"page\" data-id=\"3263\" target=\"_blank\" rel=\"noreferrer noopener\">\u00dcber die Alpen mit dem E-Bike<\/a><\/p><\/div>\n\n\n\n<p>Und noch ein Alpencross, dieses mal nach Bozen, S\u00fcdtirol.<br>Und ganz bequem mit dem E-Bike.<\/p>\n<\/div>\n\n\n\n<div class=\"wp-block-uagb-container uagb-block-6dc89137\">\n<div class=\"wp-block-uagb-advanced-heading uagb-block-676242b0\"><h4 class=\"uagb-heading-text\">2011 Venedig<\/h4><p class=\"uagb-desc-text\"><a href=\"https:\/\/freizeitradler.beepworld.de\/\" target=\"_blank\" rel=\"noreferrer noopener\">Von der Heimat nach Venedig<\/a><\/p><\/div>\n\n\n\n<p>Wieder mal ein Alpencross, dieses mal nach Venedig, der Stadt im Wasser. (Leider war ich nur bei den Vorbereitungen dabei)<\/p>\n<\/div>\n\n\n\n<div class=\"wp-block-uagb-container uagb-block-146e3926\">\n<div class=\"wp-block-uagb-advanced-heading uagb-block-c517d518\"><h4 class=\"uagb-heading-text\">2006 Kochertal<\/h4><p class=\"uagb-desc-text\"><a href=\"http:\/\/singer-hbg.de\/7.html\" target=\"_blank\" rel=\"noreferrer noopener\">Kochertal Radweg<\/a><\/p><\/div>\n\n\n\n<p>Der Kochertal-Radweg ist Teil des sehr beliebten Kocher-Jagst-Radwegs, einer 335 km langen Rundtour im Nordosten Baden-W\u00fcrttembergs.<\/p>\n<\/div>\n\n\n\n<div class=\"wp-block-uagb-container uagb-block-d5ded076\">\n<div class=\"wp-block-uagb-advanced-heading uagb-block-836a69db\"><h4 class=\"uagb-heading-text\">2005 Bodensee<\/h4><p class=\"uagb-desc-text\"><a href=\"http:\/\/singer-hbg.de\/6.html\" target=\"_blank\" rel=\"noreferrer noopener\">Hochberg\/Winnenden zum Bodensee<\/a><\/p><\/div>\n\n\n\n<p>Von zuhause \u00fcber die Schw\u00e4bische Alb zum Bodensee.<\/p>\n<\/div>\n\n\n\n<div class=\"wp-block-uagb-container uagb-block-edde60cf\">\n<div class=\"wp-block-uagb-advanced-heading uagb-block-ef1725b2\"><h4 class=\"uagb-heading-text\">2004 R\u00fcgen<\/h4><p class=\"uagb-desc-text\"><a href=\"https:\/\/familie-brust.diskstation.me\/radtour2004\/index.html\" target=\"_blank\" rel=\"noreferrer noopener\">Hochberg\/Winnenden nach R\u00fcgen<\/a><\/p><\/div>\n\n\n\n<p>geht von Winnenden \/ Hochberg aus zu der Insel R\u00fcgen. Geplante L\u00e4nge rund 1.400 km von Donnerstag, den 20. Mai 2004 (Himmelfahrt\/Vatertag) bis Sonntag, den 6. Juni 2004.<\/p>\n<\/div>\n\n\n\n<div class=\"wp-block-uagb-container uagb-block-19f2df55\">\n<div class=\"wp-block-uagb-advanced-heading uagb-block-46a840b0\"><h4 class=\"uagb-heading-text\">1997 Nizza<\/h4><p class=\"uagb-desc-text\"><a href=\"https:\/\/familie-brust.diskstation.me\/Nizza1997\/Nizza1997.pdf\" target=\"_blank\" rel=\"noreferrer noopener\">Von Nizza nach Hause, erster Alpencross (PDF)<\/a><\/p><\/div>\n\n\n\n<p>Das war der erste Alpencross, ohne Navigationsger\u00e4t, daf\u00fcr ca. 20 Wanderkarten. H\u00f6henlinien wurden noch von Hand auf der Karte addiert, und auch mal ein kleines Tal mit 1200 H\u00f6henmeter vergessen.<\/p>\n<\/div>\n\n\n\n<div class=\"wp-block-uagb-container uagb-block-d5d7ee3d\">\n<div class=\"wp-block-uagb-advanced-heading uagb-block-7a0e3eea\"><h4 class=\"uagb-heading-text\">1993 Donauradweg &#8211; Von der Quelle bis Wien<\/h4><p class=\"uagb-desc-text\"><a href=\"https:\/\/familie-brust.diskstation.me\/wp2\/donauradweg-93\/\" data-type=\"page\" data-id=\"4306\" target=\"_blank\" rel=\"noreferrer noopener\">Von der Donauquelle nach Wien (PDF)<\/a><\/p><\/div>\n\n\n\n<p>Nat\u00fcrlich nehmen wir nicht nur den gem\u00fctlichen Teil von Passau nach Wien, da wo die Wege entlang der Donau eben und sehr breit sind. (Traditionelle Treidelpfade entlang der Donau und ebene Geographie machten den Wegebau einfach) sondern starten an der Donauquelle.<br>Aber auch dies f\u00fchrt wieder zu Diskussionen, denn die Donauquelle ist in Donaueschingen, wie manche Menschen behaupten.<br><strong>Aber:<\/strong> Nach allgemeiner Auffassung entsteht die Donau ein wenig \u00f6stlich des Zentrums von Donaueschingen durch den Zusammenfluss der beiden Quellfl\u00fcsse Brigach und Breg. Ein Merkspruch hierzu lautet: \u201eBrigach und Breg bringen die Donau zuweg\u201c. Als Donauquelle werden jedoch auch mindestens zwei echte Quellen bezeichnet; symbolisch die des Donaubachs in Donaueschingen und hydrologisch die des gr\u00f6\u00dferen Quellflusses Breg an der <strong>Martinskapelle bei Furtwangen<\/strong>.<\/p>\n<\/div>\n<\/div><\/div>\n\n\n\n<p><\/p>\n","protected":false},"excerpt":{"rendered":"<p>Fahrrad 2022 Bozen \u00dcber die Alpen mit dem E-Bike Und noch ein Alpencross, dieses mal nach Bozen, S\u00fcdtirol.Und ganz bequem mit dem E-Bike. 2011 Venedig Von der Heimat nach Venedig Wieder mal ein Alpencross, dieses mal nach Venedig, der Stadt im Wasser. (Leider war ich nur bei den Vorbereitungen dabei) 2006 Kochertal Kochertal Radweg Der [&hellip;]<\/p>\n","protected":false},"author":1,"featured_media":0,"parent":0,"menu_order":0,"comment_status":"closed","ping_status":"closed","template":"","meta":{"_uag_custom_page_level_css":"","site-sidebar-layout":"default","site-content-layout":"default","ast-site-content-layout":"default","site-content-style":"default","site-sidebar-style":"default","ast-global-header-display":"","ast-banner-title-visibility":"","ast-main-header-display":"","ast-hfb-above-header-display":"","ast-hfb-below-header-display":"","ast-hfb-mobile-header-display":"","site-post-title":"disabled","ast-breadcrumbs-content":"","ast-featured-img":"","footer-sml-layout":"","ast-disable-related-posts":"","theme-transparent-header-meta":"enabled","adv-header-id-meta":"","stick-header-meta":"","header-above-stick-meta":"","header-main-stick-meta":"","header-below-stick-meta":"","astra-migrate-meta-layouts":"set","ast-page-background-enabled":"default","ast-page-background-meta":{"desktop":{"background-color":"var(--ast-global-color-4)","background-image":"","background-repeat":"repeat","background-position":"center center","background-size":"auto","background-attachment":"scroll","background-type":"","background-media":"","overlay-type":"","overlay-color":"","overlay-opacity":"","overlay-gradient":""},"tablet":{"background-color":"","background-image":"","background-repeat":"repeat","background-position":"center center","background-size":"auto","background-attachment":"scroll","background-type":"","background-media":"","overlay-type":"","overlay-color":"","overlay-opacity":"","overlay-gradient":""},"mobile":{"background-color":"","background-image":"","background-repeat":"repeat","background-position":"center center","background-size":"auto","background-attachment":"scroll","background-type":"","background-media":"","overlay-type":"","overlay-color":"","overlay-opacity":"","overlay-gradient":""}},"ast-content-background-meta":{"desktop":{"background-color":"var(--ast-global-color-5)","background-image":"","background-repeat":"repeat","background-position":"center center","background-size":"auto","background-attachment":"scroll","background-type":"","background-media":"","overlay-type":"","overlay-color":"","overlay-opacity":"","overlay-gradient":""},"tablet":{"background-color":"var(--ast-global-color-5)","background-image":"","background-repeat":"repeat","background-position":"center center","background-size":"auto","background-attachment":"scroll","background-type":"","background-media":"","overlay-type":"","overlay-color":"","overlay-opacity":"","overlay-gradient":""},"mobile":{"background-color":"var(--ast-global-color-5)","background-image":"","background-repeat":"repeat","background-position":"center center","background-size":"auto","background-attachment":"scroll","background-type":"","background-media":"","overlay-type":"","overlay-color":"","overlay-opacity":"","overlay-gradient":""}},"footnotes":""},"class_list":["post-4744","page","type-page","status-publish","hentry"],"uagb_featured_image_src":{"full":false,"thumbnail":false,"medium":false,"medium_large":false,"large":false,"1536x1536":false,"2048x2048":false},"uagb_author_info":{"display_name":"MartinWP","author_link":"https:\/\/familie-brust.diskstation.me\/wp2\/author\/martinwp\/"},"uagb_comment_info":0,"uagb_excerpt":"Fahrrad 2022 Bozen \u00dcber die Alpen mit dem E-Bike Und noch ein Alpencross, dieses mal nach Bozen, S\u00fcdtirol.Und ganz bequem mit dem E-Bike. 2011 Venedig Von der Heimat nach Venedig Wieder mal ein Alpencross, dieses mal nach Venedig, der Stadt im Wasser. (Leider war ich nur bei den Vorbereitungen dabei) 2006 Kochertal Kochertal Radweg Der&hellip;","_links":{"self":[{"href":"https:\/\/familie-brust.diskstation.me\/wp2\/wp-json\/wp\/v2\/pages\/4744","targetHints":{"allow":["GET"]}}],"collection":[{"href":"https:\/\/familie-brust.diskstation.me\/wp2\/wp-json\/wp\/v2\/pages"}],"about":[{"href":"https:\/\/familie-brust.diskstation.me\/wp2\/wp-json\/wp\/v2\/types\/page"}],"author":[{"embeddable":true,"href":"https:\/\/familie-brust.diskstation.me\/wp2\/wp-json\/wp\/v2\/users\/1"}],"replies":[{"embeddable":true,"href":"https:\/\/familie-brust.diskstation.me\/wp2\/wp-json\/wp\/v2\/comments?post=4744"}],"version-history":[{"count":4,"href":"https:\/\/familie-brust.diskstation.me\/wp2\/wp-json\/wp\/v2\/pages\/4744\/revisions"}],"predecessor-version":[{"id":4801,"href":"https:\/\/familie-brust.diskstation.me\/wp2\/wp-json\/wp\/v2\/pages\/4744\/revisions\/4801"}],"wp:attachment":[{"href":"https:\/\/familie-brust.diskstation.me\/wp2\/wp-json\/wp\/v2\/media?parent=4744"}],"curies":[{"name":"wp","href":"https:\/\/api.w.org\/{rel}","templated":true}]}}