{"id":4736,"date":"2025-10-05T10:40:02","date_gmt":"2025-10-05T10:40:02","guid":{"rendered":"https:\/\/familie-brust.diskstation.me\/wp2\/?page_id=4736"},"modified":"2026-01-28T08:45:02","modified_gmt":"2026-01-28T08:45:02","slug":"home-motorrad","status":"publish","type":"page","link":"https:\/\/familie-brust.diskstation.me\/wp2\/home-motorrad\/","title":{"rendered":"Home-Motorrad"},"content":{"rendered":"\n<div class=\"wp-block-uagb-container uagb-block-b38d5393 alignfull uagb-is-root-container\"><div class=\"uagb-container-inner-blocks-wrap\">\n<div class=\"wp-block-uagb-advanced-heading uagb-block-976bede4\"><h2 class=\"uagb-heading-text\">Motorrad<\/h2><\/div>\n\n\n\n<div class=\"wp-block-uagb-container uagb-block-4ecf63bf alignfull uagb-is-root-container\"><div class=\"uagb-container-inner-blocks-wrap\">\n<div class=\"wp-block-uagb-advanced-heading uagb-block-d07428c3\"><h4 class=\"uagb-heading-text\">2025 Jadranska Magistrala<\/h4><p class=\"uagb-desc-text\"><a href=\"https:\/\/familie-brust.diskstation.me\/wp2\/slowenien-kroatien-2025-1\/\" data-type=\"page\" data-id=\"4433\" target=\"_blank\" rel=\"noreferrer noopener\">Die ber\u00fchmte K\u00fcstenstra\u00dfe von Slowenien und Kroatien<\/a><\/p><\/div>\n\n\n\n<p>Die Jadranska Magistrala, auch bekannt als&nbsp;<strong>Adriatische K\u00fcstenstra\u00dfe<\/strong>, ist eine der legend\u00e4rsten und landschaftlich reizvollsten Strecken f\u00fcr Motorradfahrer in Europa. Sie erstreckt sich \u00fcber rund 1.000 Kilometer entlang der kroatischen Adria-K\u00fcste und bietet eine unvergleichliche Kombination aus kurvenreichem Fahrspa\u00df, atemberaubenden Ausblicken auf das Meer und die vorgelagerten Inseln sowie kulturellen Highlights.<\/p>\n<\/div><\/div>\n\n\n\n<div class=\"wp-block-uagb-container uagb-block-21af5663 alignfull uagb-is-root-container\"><div class=\"uagb-container-inner-blocks-wrap\">\n<div class=\"wp-block-uagb-advanced-heading uagb-block-244ef562\"><h4 class=\"uagb-heading-text\">2025 Sardinien<\/h4><p class=\"uagb-desc-text\"><a href=\"https:\/\/familie-brust.diskstation.me\/wp2\/sardinien2025\/\" data-type=\"page\" data-id=\"4910\">Die j\u00e4hrliche Motorradreise auf Sardinien<\/a><\/p><\/div>\n\n\n\n<p>Viele Kurven, meist guter Stra\u00dfenbelag und wenig Verkehr, dazu gutes Essen, freundliche Leute und sch\u00f6ne Str\u00e4nde.<\/p>\n<\/div><\/div>\n\n\n\n<div class=\"wp-block-uagb-container uagb-block-5735c599 alignfull uagb-is-root-container\"><div class=\"uagb-container-inner-blocks-wrap\">\n<div class=\"wp-block-uagb-advanced-heading uagb-block-579e4a7f\"><h4 class=\"uagb-heading-text\">2024 Korsika<\/h4><p class=\"uagb-desc-text\"><a href=\"https:\/\/familie-brust.diskstation.me\/wp2\/korsika2024\/\" data-type=\"page\" data-id=\"3983\" target=\"_blank\" rel=\"noreferrer noopener\">Die sch\u00f6ne Insel<\/a><\/p><\/div>\n\n\n\n<p>Korsika mit dem Motorrad ist mehr als nur eine Fahrt; sie ist eine intensive Erfahrung, die Fahrspa\u00df mit unvergesslichen Naturerlebnissen verbindet. Man sollte jedoch auf enge, kurvenreiche Strecken und eine vorausschauende Fahrweise eingestellt sein.<\/p>\n<\/div><\/div>\n\n\n\n<div class=\"wp-block-uagb-container uagb-block-2c863d9e alignfull uagb-is-root-container\"><div class=\"uagb-container-inner-blocks-wrap\">\n<div class=\"wp-block-uagb-advanced-heading uagb-block-3dc18f80\"><h4 class=\"uagb-heading-text\">2024 Sardinien<\/h4><p class=\"uagb-desc-text\"><a href=\"https:\/\/familie-brust.diskstation.me\/wp2\/sardinien2024\/\" data-type=\"page\" data-id=\"4050\" target=\"_blank\" rel=\"noreferrer noopener\">Die wilde Sch\u00f6nheit Italiens<\/a><\/p><\/div>\n\n\n\n<p>Sardinien ist f\u00fcr Motorradfahrer das ultimative Kurvenparadies. Die zweitgr\u00f6\u00dfte Insel im Mittelmeer punktet meist gut ausgebauten Stra\u00dfen mit wenig Verkehr abseits der Hauptrouten.<\/p>\n<\/div><\/div>\n\n\n\n<div class=\"wp-block-uagb-container uagb-block-6ea039fd alignfull uagb-is-root-container\"><div class=\"uagb-container-inner-blocks-wrap\">\n<div class=\"wp-block-uagb-advanced-heading uagb-block-24f99f5b\"><h4 class=\"uagb-heading-text\">2023 Schweizer Alpenp\u00e4sse<\/h4><p class=\"uagb-desc-text\"><a href=\"https:\/\/familie-brust.diskstation.me\/wp2\/ch-schweizer-alpenpaesse-2023\/\" data-type=\"page\" data-id=\"3334\" target=\"_blank\" rel=\"noreferrer noopener\">Die Klassiker in der Schweiz<\/a><\/p><\/div>\n\n\n\n<p>Motorradtouren \u00fcber die Schweizer Alpenp\u00e4sse sind f\u00fcr Motorradfahrer das <strong>Nonplusultra<\/strong> in den Alpen und stehen f\u00fcr <strong>grenzenlosen Kurvenspa\u00df<\/strong> in einer spektakul\u00e4ren Hochgebirgslandschaft. Die Schweiz bietet eine einzigartige Dichte an hochalpinen P\u00e4ssen mit hervorragendem Belag.<\/p>\n<\/div><\/div>\n\n\n\n<div class=\"wp-block-uagb-container uagb-block-a31b619f alignfull uagb-is-root-container\"><div class=\"uagb-container-inner-blocks-wrap\">\n<div class=\"wp-block-uagb-advanced-heading uagb-block-f2112aa1\"><h4 class=\"uagb-heading-text\">2022 Seealpen &#8211; Route des Grandes Alpes<\/h4><p class=\"uagb-desc-text\"><a href=\"https:\/\/familie-brust.diskstation.me\/wp2\/seealpen2022\/\" data-type=\"page\" data-id=\"3138\" target=\"_blank\" rel=\"noreferrer noopener\">Vom Genfer See bis Nizza<\/a><\/p><\/div>\n\n\n\n<p>Die Route des Grandes Alpes ist eine der bekanntesten und spektakul\u00e4rsten Passstra\u00dfen Europas und ein besonderes Highlight f\u00fcr Motorradfahrer.<br><strong>Verlauf:<\/strong> Die Route erstreckt sich von Thonon-les-Bains am Genfer See (Nordfrankreich) bis nach Nizza an der C\u00f4te d&#8217;Azur.<\/p>\n<\/div><\/div>\n\n\n\n<div class=\"wp-block-uagb-container uagb-block-2752da9f alignfull uagb-is-root-container\"><div class=\"uagb-container-inner-blocks-wrap\">\n<div class=\"wp-block-uagb-advanced-heading uagb-block-927ee20e\"><h4 class=\"uagb-heading-text\">2018 Ostseetour &#8211; bis nach St. Petersburg<\/h4><p class=\"uagb-desc-text\"><a href=\"https:\/\/motorradreisen.site123.me\/\" target=\"_blank\" rel=\"noreferrer noopener\">Motorradtour durch Tschechien, Polen, Litauen, Lettland, Estland, Russland, Finnland<\/a><\/p><\/div>\n\n\n\n<p>Die Strecke nach St. Petersburg ist ein faszinierender Roadtrip, der West- und Osteuropa verbindet. Sie ist gepr\u00e4gt von weiten Strecken, kulturellen Unterschieden und der Herausforderung der Grenz\u00fcberg\u00e4nge.<\/p>\n<\/div><\/div>\n\n\n\n<div class=\"wp-block-uagb-container uagb-block-7d0dba3a alignfull uagb-is-root-container\"><div class=\"uagb-container-inner-blocks-wrap\">\n<div class=\"wp-block-uagb-advanced-heading uagb-block-836b65a0\"><h4 class=\"uagb-heading-text\">2009 Sizilien &#8211; Vulkane in Europa<\/h4><p class=\"uagb-desc-text\"><a href=\"https:\/\/familie-brust.diskstation.me\/Sizilien2009\/index.html\" target=\"_blank\" rel=\"noreferrer noopener\">Sizilien &#8211; Insel des Feuers und der Geschichte<\/a><\/p><\/div>\n\n\n\n<p>Sizilien, die gr\u00f6\u00dfte Insel des Mittelmeers, bietet eine einzigartige Mischung aus kurvenreichen Bergstra\u00dfen, atemberaubenden K\u00fcstenabschnitten und tief verwurzelter antiker Kultur.<\/p>\n<\/div><\/div>\n\n\n\n<div class=\"wp-block-uagb-container uagb-block-04adaba8 alignfull uagb-is-root-container\"><div class=\"uagb-container-inner-blocks-wrap\">\n<div class=\"wp-block-uagb-advanced-heading uagb-block-f4001548\"><h4 class=\"uagb-heading-text\">2007 Zermatt &#8211; zum Skifahren mit dem Motorrad<\/h4><p class=\"uagb-desc-text\"><a href=\"https:\/\/familie-brust.diskstation.me\/Zermatt2007\/index.html\" target=\"_blank\" rel=\"noreferrer noopener\">Zermattreise<\/a><\/p><\/div>\n\n\n\n<p>Seit dem Jahr 2006 ist es Tradition, dass wir den Abschlu\u00df der Skisaison mit dem Beginn der Motorradsaison zusammenlegen. Robi und Keule sind mit den T\u00f6ffs, wie die Schweizer sagen, nach Zermatt zum Skifaren gefahren.<\/p>\n<\/div><\/div>\n\n\n\n<div class=\"wp-block-uagb-container uagb-block-10d94f49 alignfull uagb-is-root-container\"><div class=\"uagb-container-inner-blocks-wrap\">\n<div class=\"wp-block-uagb-advanced-heading uagb-block-d1e3edab\"><h4 class=\"uagb-heading-text\">1998 Gibraltar &#8211; Afrika<\/h4><p class=\"uagb-desc-text\"><a href=\"https:\/\/familie-brust.diskstation.me\/arcor\/Gibraltar\/Gibraltar.html\" target=\"_blank\" rel=\"noreferrer noopener\">Afrika, zumindes ein Bischen<\/a><\/p><\/div>\n\n\n\n<p>Eine 8179 km lange Motorradtour durch Frankreich, Spanien, Portugal bis nach Afrika. Das ist schon ein St\u00fcckchen, das sieht man selbst auf einer Europakarte.<\/p>\n<\/div><\/div>\n<\/div><\/div>\n\n\n\n<p><\/p>\n","protected":false},"excerpt":{"rendered":"<p>Motorrad 2025 Jadranska Magistrala Die ber\u00fchmte K\u00fcstenstra\u00dfe von Slowenien und Kroatien Die Jadranska Magistrala, auch bekannt als&nbsp;Adriatische K\u00fcstenstra\u00dfe, ist eine der legend\u00e4rsten und landschaftlich reizvollsten Strecken f\u00fcr Motorradfahrer in Europa. Sie erstreckt sich \u00fcber rund 1.000 Kilometer entlang der kroatischen Adria-K\u00fcste und bietet eine unvergleichliche Kombination aus kurvenreichem Fahrspa\u00df, atemberaubenden Ausblicken auf das Meer und [&hellip;]<\/p>\n","protected":false},"author":1,"featured_media":0,"parent":0,"menu_order":0,"comment_status":"closed","ping_status":"closed","template":"","meta":{"_uag_custom_page_level_css":"","site-sidebar-layout":"default","site-content-layout":"default","ast-site-content-layout":"default","site-content-style":"default","site-sidebar-style":"default","ast-global-header-display":"","ast-banner-title-visibility":"","ast-main-header-display":"","ast-hfb-above-header-display":"","ast-hfb-below-header-display":"","ast-hfb-mobile-header-display":"","site-post-title":"disabled","ast-breadcrumbs-content":"","ast-featured-img":"","footer-sml-layout":"","ast-disable-related-posts":"","theme-transparent-header-meta":"enabled","adv-header-id-meta":"","stick-header-meta":"","header-above-stick-meta":"","header-main-stick-meta":"","header-below-stick-meta":"","astra-migrate-meta-layouts":"set","ast-page-background-enabled":"default","ast-page-background-meta":{"desktop":{"background-color":"var(--ast-global-color-4)","background-image":"","background-repeat":"repeat","background-position":"center center","background-size":"auto","background-attachment":"scroll","background-type":"","background-media":"","overlay-type":"","overlay-color":"","overlay-opacity":"","overlay-gradient":""},"tablet":{"background-color":"","background-image":"","background-repeat":"repeat","background-position":"center center","background-size":"auto","background-attachment":"scroll","background-type":"","background-media":"","overlay-type":"","overlay-color":"","overlay-opacity":"","overlay-gradient":""},"mobile":{"background-color":"","background-image":"","background-repeat":"repeat","background-position":"center center","background-size":"auto","background-attachment":"scroll","background-type":"","background-media":"","overlay-type":"","overlay-color":"","overlay-opacity":"","overlay-gradient":""}},"ast-content-background-meta":{"desktop":{"background-color":"var(--ast-global-color-5)","background-image":"","background-repeat":"repeat","background-position":"center center","background-size":"auto","background-attachment":"scroll","background-type":"","background-media":"","overlay-type":"","overlay-color":"","overlay-opacity":"","overlay-gradient":""},"tablet":{"background-color":"var(--ast-global-color-5)","background-image":"","background-repeat":"repeat","background-position":"center center","background-size":"auto","background-attachment":"scroll","background-type":"","background-media":"","overlay-type":"","overlay-color":"","overlay-opacity":"","overlay-gradient":""},"mobile":{"background-color":"var(--ast-global-color-5)","background-image":"","background-repeat":"repeat","background-position":"center center","background-size":"auto","background-attachment":"scroll","background-type":"","background-media":"","overlay-type":"","overlay-color":"","overlay-opacity":"","overlay-gradient":""}},"footnotes":""},"class_list":["post-4736","page","type-page","status-publish","hentry"],"uagb_featured_image_src":{"full":false,"thumbnail":false,"medium":false,"medium_large":false,"large":false,"1536x1536":false,"2048x2048":false},"uagb_author_info":{"display_name":"MartinWP","author_link":"https:\/\/familie-brust.diskstation.me\/wp2\/author\/martinwp\/"},"uagb_comment_info":0,"uagb_excerpt":"Motorrad 2025 Jadranska Magistrala Die ber\u00fchmte K\u00fcstenstra\u00dfe von Slowenien und Kroatien Die Jadranska Magistrala, auch bekannt als&nbsp;Adriatische K\u00fcstenstra\u00dfe, ist eine der legend\u00e4rsten und landschaftlich reizvollsten Strecken f\u00fcr Motorradfahrer in Europa. Sie erstreckt sich \u00fcber rund 1.000 Kilometer entlang der kroatischen Adria-K\u00fcste und bietet eine unvergleichliche Kombination aus kurvenreichem Fahrspa\u00df, atemberaubenden Ausblicken auf das Meer und&hellip;","_links":{"self":[{"href":"https:\/\/familie-brust.diskstation.me\/wp2\/wp-json\/wp\/v2\/pages\/4736","targetHints":{"allow":["GET"]}}],"collection":[{"href":"https:\/\/familie-brust.diskstation.me\/wp2\/wp-json\/wp\/v2\/pages"}],"about":[{"href":"https:\/\/familie-brust.diskstation.me\/wp2\/wp-json\/wp\/v2\/types\/page"}],"author":[{"embeddable":true,"href":"https:\/\/familie-brust.diskstation.me\/wp2\/wp-json\/wp\/v2\/users\/1"}],"replies":[{"embeddable":true,"href":"https:\/\/familie-brust.diskstation.me\/wp2\/wp-json\/wp\/v2\/comments?post=4736"}],"version-history":[{"count":10,"href":"https:\/\/familie-brust.diskstation.me\/wp2\/wp-json\/wp\/v2\/pages\/4736\/revisions"}],"predecessor-version":[{"id":4996,"href":"https:\/\/familie-brust.diskstation.me\/wp2\/wp-json\/wp\/v2\/pages\/4736\/revisions\/4996"}],"wp:attachment":[{"href":"https:\/\/familie-brust.diskstation.me\/wp2\/wp-json\/wp\/v2\/media?parent=4736"}],"curies":[{"name":"wp","href":"https:\/\/api.w.org\/{rel}","templated":true}]}}