{"id":1572,"date":"2024-02-15T23:49:30","date_gmt":"2024-02-15T23:49:30","guid":{"rendered":"https:\/\/familie-brust.diskstation.me\/wp2\/?page_id=1572"},"modified":"2025-10-03T21:06:03","modified_gmt":"2025-10-03T21:06:03","slug":"aktuelles","status":"publish","type":"page","link":"https:\/\/familie-brust.diskstation.me\/wp2\/aktuelles\/","title":{"rendered":"Aktuelles"},"content":{"rendered":"\n<div class=\"wp-block-uagb-container uagb-block-936d0159 alignfull uagb-is-root-container\"><div class=\"uagb-container-inner-blocks-wrap\">\n<div style=\"height:57px\" aria-hidden=\"true\" class=\"wp-block-spacer\"><\/div>\n\n\n\n<div class=\"wp-block-uagb-call-to-action uagb-block-036d8afa wp-block-button\"><div class=\"uagb-cta__wrap\"><h3 class=\"uagb-cta__title\">Die letzte Aktivit\u00e4t<\/h3><p class=\"uagb-cta__desc\">Vom 03.09.2025 bis zum 11.09.2025 war ich wieder mal mit dem Motorrad zusammen mit meiner Tochter auf Tour.<br>Dieses mal war die <strong>Kroatische K\u00fcstenstra\u00dfe \/ Jadranska Magistrala<\/strong> unser Ziel.<\/p><\/div><div class=\"uagb-cta__buttons\"><a href=\"https:\/\/familie-brust.diskstation.me\/wp2\/slowenien-kroatien-2025-1\/\" class=\"uagb-cta__button-link-wrapper wp-block-button__link\" target=\"_self\" rel=\"noopener noreferrer\">Read More<\/a><\/div><\/div>\n<\/div><\/div>\n\n\n\n<div class=\"wp-block-uagb-advanced-heading uagb-block-6bdfbf78\"><h2 class=\"uagb-heading-text\"><a href=\"https:\/\/familie-brust.diskstation.me\/wp2\/korsika2024\/\" data-type=\"page\" data-id=\"3983\">Jadranska Magistrala<\/a><\/h2><\/div>\n\n\n\n<p>Die Jadranska Magistrala, auch bekannt als\u00a0<strong>Adriatische K\u00fcstenstra\u00dfe<\/strong>, ist eine der legend\u00e4rsten und landschaftlich reizvollsten Strecken f\u00fcr Motorradfahrer in Europa. Sie erstreckt sich \u00fcber rund 1.000 Kilometer entlang der kroatischen Adria-K\u00fcste und bietet eine unvergleichliche Kombination aus kurvenreichem Fahrspa\u00df, atemberaubenden Ausblicken auf das Meer und die vorgelagerten Inseln sowie kulturellen Highlights.<\/p>\n\n\n\n<ul class=\"wp-block-list\"><\/ul>\n\n\n\n<h4 class=\"wp-block-heading\">Tour\u00fcbersicht<\/h4>\n\n\n\n<div class=\"wp-block-uagb-image uagb-block-48a6d428 wp-block-uagb-image--layout-default wp-block-uagb-image--effect-static wp-block-uagb-image--align-none\"><figure class=\"wp-block-uagb-image__figure\"><img decoding=\"async\" srcset=\"https:\/\/familie-brust.diskstation.me\/wp2\/wp-content\/uploads\/2025\/09\/SLO_2025-09-xx-Uebersicht.png ,https:\/\/familie-brust.diskstation.me\/wp2\/wp-content\/uploads\/2025\/09\/SLO_2025-09-xx-Uebersicht.png 780w, https:\/\/familie-brust.diskstation.me\/wp2\/wp-content\/uploads\/2025\/09\/SLO_2025-09-xx-Uebersicht.png 360w\" sizes=\"auto, (max-width: 480px) 150px\" src=\"https:\/\/familie-brust.diskstation.me\/wp2\/wp-content\/uploads\/2025\/09\/SLO_2025-09-xx-Uebersicht.png\" alt=\"\" class=\"uag-image-4432\" width=\"685\" height=\"1024\" title=\"SLO_2025-09-xx-\u00dcbersicht\" loading=\"lazy\" role=\"img\"\/><\/figure><\/div>\n","protected":false},"excerpt":{"rendered":"<p>Jadranska Magistrala Die Jadranska Magistrala, auch bekannt als\u00a0Adriatische K\u00fcstenstra\u00dfe, ist eine der legend\u00e4rsten und landschaftlich reizvollsten Strecken f\u00fcr Motorradfahrer in Europa. Sie erstreckt sich \u00fcber rund 1.000 Kilometer entlang der kroatischen Adria-K\u00fcste und bietet eine unvergleichliche Kombination aus kurvenreichem Fahrspa\u00df, atemberaubenden Ausblicken auf das Meer und die vorgelagerten Inseln sowie kulturellen Highlights. Tour\u00fcbersicht<\/p>\n","protected":false},"author":1,"featured_media":0,"parent":0,"menu_order":0,"comment_status":"closed","ping_status":"closed","template":"","meta":{"_uag_custom_page_level_css":"","site-sidebar-layout":"default","site-content-layout":"","ast-site-content-layout":"default","site-content-style":"default","site-sidebar-style":"default","ast-global-header-display":"","ast-banner-title-visibility":"","ast-main-header-display":"","ast-hfb-above-header-display":"","ast-hfb-below-header-display":"","ast-hfb-mobile-header-display":"","site-post-title":"disabled","ast-breadcrumbs-content":"","ast-featured-img":"","footer-sml-layout":"","ast-disable-related-posts":"","theme-transparent-header-meta":"","adv-header-id-meta":"","stick-header-meta":"","header-above-stick-meta":"","header-main-stick-meta":"","header-below-stick-meta":"","astra-migrate-meta-layouts":"set","ast-page-background-enabled":"default","ast-page-background-meta":{"desktop":{"background-color":"var(--ast-global-color-4)","background-image":"","background-repeat":"repeat","background-position":"center center","background-size":"auto","background-attachment":"scroll","background-type":"","background-media":"","overlay-type":"","overlay-color":"","overlay-opacity":"","overlay-gradient":""},"tablet":{"background-color":"","background-image":"","background-repeat":"repeat","background-position":"center center","background-size":"auto","background-attachment":"scroll","background-type":"","background-media":"","overlay-type":"","overlay-color":"","overlay-opacity":"","overlay-gradient":""},"mobile":{"background-color":"","background-image":"","background-repeat":"repeat","background-position":"center center","background-size":"auto","background-attachment":"scroll","background-type":"","background-media":"","overlay-type":"","overlay-color":"","overlay-opacity":"","overlay-gradient":""}},"ast-content-background-meta":{"desktop":{"background-color":"var(--ast-global-color-5)","background-image":"","background-repeat":"repeat","background-position":"center center","background-size":"auto","background-attachment":"scroll","background-type":"","background-media":"","overlay-type":"","overlay-color":"","overlay-opacity":"","overlay-gradient":""},"tablet":{"background-color":"var(--ast-global-color-5)","background-image":"","background-repeat":"repeat","background-position":"center center","background-size":"auto","background-attachment":"scroll","background-type":"","background-media":"","overlay-type":"","overlay-color":"","overlay-opacity":"","overlay-gradient":""},"mobile":{"background-color":"var(--ast-global-color-5)","background-image":"","background-repeat":"repeat","background-position":"center center","background-size":"auto","background-attachment":"scroll","background-type":"","background-media":"","overlay-type":"","overlay-color":"","overlay-opacity":"","overlay-gradient":""}},"footnotes":""},"class_list":["post-1572","page","type-page","status-publish","hentry"],"uagb_featured_image_src":{"full":false,"thumbnail":false,"medium":false,"medium_large":false,"large":false,"1536x1536":false,"2048x2048":false},"uagb_author_info":{"display_name":"MartinWP","author_link":"https:\/\/familie-brust.diskstation.me\/wp2\/author\/martinwp\/"},"uagb_comment_info":0,"uagb_excerpt":"Jadranska Magistrala Die Jadranska Magistrala, auch bekannt als\u00a0Adriatische K\u00fcstenstra\u00dfe, ist eine der legend\u00e4rsten und landschaftlich reizvollsten Strecken f\u00fcr Motorradfahrer in Europa. Sie erstreckt sich \u00fcber rund 1.000 Kilometer entlang der kroatischen Adria-K\u00fcste und bietet eine unvergleichliche Kombination aus kurvenreichem Fahrspa\u00df, atemberaubenden Ausblicken auf das Meer und die vorgelagerten Inseln sowie kulturellen Highlights. Tour\u00fcbersicht","_links":{"self":[{"href":"https:\/\/familie-brust.diskstation.me\/wp2\/wp-json\/wp\/v2\/pages\/1572","targetHints":{"allow":["GET"]}}],"collection":[{"href":"https:\/\/familie-brust.diskstation.me\/wp2\/wp-json\/wp\/v2\/pages"}],"about":[{"href":"https:\/\/familie-brust.diskstation.me\/wp2\/wp-json\/wp\/v2\/types\/page"}],"author":[{"embeddable":true,"href":"https:\/\/familie-brust.diskstation.me\/wp2\/wp-json\/wp\/v2\/users\/1"}],"replies":[{"embeddable":true,"href":"https:\/\/familie-brust.diskstation.me\/wp2\/wp-json\/wp\/v2\/comments?post=1572"}],"version-history":[{"count":10,"href":"https:\/\/familie-brust.diskstation.me\/wp2\/wp-json\/wp\/v2\/pages\/1572\/revisions"}],"predecessor-version":[{"id":4721,"href":"https:\/\/familie-brust.diskstation.me\/wp2\/wp-json\/wp\/v2\/pages\/1572\/revisions\/4721"}],"wp:attachment":[{"href":"https:\/\/familie-brust.diskstation.me\/wp2\/wp-json\/wp\/v2\/media?parent=1572"}],"curies":[{"name":"wp","href":"https:\/\/api.w.org\/{rel}","templated":true}]}}