{"id":1548,"date":"2024-02-15T23:39:19","date_gmt":"2024-02-15T23:39:19","guid":{"rendered":"https:\/\/familie-brust.diskstation.me\/wp2\/?page_id=1548"},"modified":"2025-10-05T11:42:07","modified_gmt":"2025-10-05T11:42:07","slug":"home-alt","status":"publish","type":"page","link":"https:\/\/familie-brust.diskstation.me\/wp2\/home-alt\/","title":{"rendered":"XHome-alt"},"content":{"rendered":"\n<div class=\"wp-block-uagb-container uagb-block-b38d5393 alignfull uagb-is-root-container\"><div class=\"uagb-container-inner-blocks-wrap\">\n<h2 class=\"wp-block-heading\">Reiseberichte<\/h2>\n\n\n\n<p>Und ein paar alte Internetseiten und Tools<\/p>\n\n\n\n<div class=\"wp-block-uagb-tabs uagb-block-1a105113 uagb-tabs__wrap uagb-tabs__hstyle3-desktop uagb-tabs__vstyle6-tablet uagb-tabs__stack1-mobile\" data-tab-active=\"0\"><ul class=\"uagb-tabs__panel uagb-tabs__align-left\" role=\"tablist\"><li class=\"uagb-tab uagb-tabs__active\" role=\"none\"><a href=\"#uagb-tabs__tab0\" class=\"uagb-tabs-list uagb-tabs__icon-position-left\" data-tab=\"0\" role=\"tab\"><div><strong>Motorrad<\/strong><\/div><\/a><\/li><li class=\"uagb-tab \" role=\"none\"><a href=\"#uagb-tabs__tab1\" class=\"uagb-tabs-list uagb-tabs__icon-position-left\" data-tab=\"1\" role=\"tab\"><div><strong>Fahrrad<\/strong><\/div><\/a><\/li><li class=\"uagb-tab \" role=\"none\"><a href=\"#uagb-tabs__tab2\" class=\"uagb-tabs-list uagb-tabs__icon-position-left\" data-tab=\"2\" role=\"tab\"><div><strong>Sonstiges<\/strong><\/div><\/a><\/li><li class=\"uagb-tab \" role=\"none\"><a href=\"#uagb-tabs__tab3\" class=\"uagb-tabs-list uagb-tabs__icon-position-left\" data-tab=\"3\" role=\"tab\"><div><strong>Was andere tun<\/strong><\/div><\/a><\/li><li class=\"uagb-tab \" role=\"none\"><a href=\"#uagb-tabs__tab4\" class=\"uagb-tabs-list uagb-tabs__icon-position-left\" data-tab=\"4\" role=\"tab\"><div><strong>Diverses<\/strong><\/div><\/a><\/li><\/ul><div class=\"uagb-tabs__body-wrap\">\n<div class=\"wp-block-uagb-tabs-child uagb-tabs__body-container uagb-inner-tab-0\" aria-labelledby=\"uagb-tabs__tab0\">\n<div class=\"wp-block-uagb-advanced-heading uagb-block-976bede4\"><h3 class=\"uagb-heading-text\">Motorrad<\/h3><\/div>\n\n\n\n<div class=\"wp-block-uagb-container uagb-block-4ecf63bf alignfull uagb-is-root-container\"><div class=\"uagb-container-inner-blocks-wrap\">\n<div class=\"wp-block-uagb-advanced-heading uagb-block-d07428c3\"><h4 class=\"uagb-heading-text\">2025 Jadranska Magistrala<\/h4><p class=\"uagb-desc-text\"><a href=\"https:\/\/familie-brust.diskstation.me\/wp2\/slowenien-kroatien-2025-1\/\" data-type=\"page\" data-id=\"4433\" target=\"_blank\" rel=\"noreferrer noopener\">Die ber\u00fchmte K\u00fcstenstra\u00dfe von Slowenien und Kroatien<\/a><\/p><\/div>\n\n\n\n<p>Die Jadranska Magistrala, auch bekannt als&nbsp;<strong>Adriatische K\u00fcstenstra\u00dfe<\/strong>, ist eine der legend\u00e4rsten und landschaftlich reizvollsten Strecken f\u00fcr Motorradfahrer in Europa. Sie erstreckt sich \u00fcber rund 1.000 Kilometer entlang der kroatischen Adria-K\u00fcste und bietet eine unvergleichliche Kombination aus kurvenreichem Fahrspa\u00df, atemberaubenden Ausblicken auf das Meer und die vorgelagerten Inseln sowie kulturellen Highlights.<\/p>\n<\/div><\/div>\n\n\n\n<div class=\"wp-block-uagb-container uagb-block-5735c599 alignfull uagb-is-root-container\"><div class=\"uagb-container-inner-blocks-wrap\">\n<div class=\"wp-block-uagb-advanced-heading uagb-block-579e4a7f\"><h4 class=\"uagb-heading-text\">2024 Korsika<\/h4><p class=\"uagb-desc-text\"><a href=\"https:\/\/familie-brust.diskstation.me\/wp2\/korsika2024\/\" data-type=\"page\" data-id=\"3983\" target=\"_blank\" rel=\"noreferrer noopener\">Die sch\u00f6ne Insel<\/a><\/p><\/div>\n\n\n\n<p>Korsika mit dem Motorrad ist mehr als nur eine Fahrt; sie ist eine intensive Erfahrung, die Fahrspa\u00df mit unvergesslichen Naturerlebnissen verbindet. Man sollte jedoch auf enge, kurvenreiche Strecken und eine vorausschauende Fahrweise eingestellt sein.<\/p>\n<\/div><\/div>\n\n\n\n<div class=\"wp-block-uagb-container uagb-block-2c863d9e alignfull uagb-is-root-container\"><div class=\"uagb-container-inner-blocks-wrap\">\n<div class=\"wp-block-uagb-advanced-heading uagb-block-3dc18f80\"><h4 class=\"uagb-heading-text\">2024 Sardinien<\/h4><p class=\"uagb-desc-text\"><a href=\"https:\/\/familie-brust.diskstation.me\/wp2\/sardinien2024\/\" data-type=\"page\" data-id=\"4050\" target=\"_blank\" rel=\"noreferrer noopener\">Die wilde Sch\u00f6nheit Italiens<\/a><\/p><\/div>\n\n\n\n<p>Sardinien ist f\u00fcr Motorradfahrer das ultimative Kurvenparadies. Die zweitgr\u00f6\u00dfte Insel im Mittelmeer punktet meist gut ausgebauten Stra\u00dfen mit wenig Verkehr abseits der Hauptrouten.<\/p>\n<\/div><\/div>\n\n\n\n<div class=\"wp-block-uagb-container uagb-block-6ea039fd alignfull uagb-is-root-container\"><div class=\"uagb-container-inner-blocks-wrap\">\n<div class=\"wp-block-uagb-advanced-heading uagb-block-24f99f5b\"><h4 class=\"uagb-heading-text\">2023 Schweizer Alpenp\u00e4sse<\/h4><p class=\"uagb-desc-text\"><a href=\"https:\/\/familie-brust.diskstation.me\/wp2\/ch-schweizer-alpenpaesse-2023\/\" data-type=\"page\" data-id=\"3334\" target=\"_blank\" rel=\"noreferrer noopener\">Die Klassiker in der Schweiz<\/a><\/p><\/div>\n\n\n\n<p>Motorradtouren \u00fcber die Schweizer Alpenp\u00e4sse sind f\u00fcr Motorradfahrer das <strong>Nonplusultra<\/strong> in den Alpen und stehen f\u00fcr <strong>grenzenlosen Kurvenspa\u00df<\/strong> in einer spektakul\u00e4ren Hochgebirgslandschaft. Die Schweiz bietet eine einzigartige Dichte an hochalpinen P\u00e4ssen mit hervorragendem Belag.<\/p>\n<\/div><\/div>\n\n\n\n<div class=\"wp-block-uagb-container uagb-block-a31b619f alignfull uagb-is-root-container\"><div class=\"uagb-container-inner-blocks-wrap\">\n<div class=\"wp-block-uagb-advanced-heading uagb-block-f2112aa1\"><h4 class=\"uagb-heading-text\">2022 Seealpen &#8211; Route des Grandes Alpes<\/h4><p class=\"uagb-desc-text\"><a href=\"https:\/\/familie-brust.diskstation.me\/wp2\/seealpen2022\/\" data-type=\"page\" data-id=\"3138\" target=\"_blank\" rel=\"noreferrer noopener\">Vom Genfer See bis Nizza<\/a><\/p><\/div>\n\n\n\n<p>Die Route des Grandes Alpes ist eine der bekanntesten und spektakul\u00e4rsten Passstra\u00dfen Europas und ein besonderes Highlight f\u00fcr Motorradfahrer.<br><strong>Verlauf:<\/strong> Die Route erstreckt sich von Thonon-les-Bains am Genfer See (Nordfrankreich) bis nach Nizza an der C\u00f4te d&#8217;Azur.<\/p>\n<\/div><\/div>\n\n\n\n<div class=\"wp-block-uagb-container uagb-block-2752da9f alignfull uagb-is-root-container\"><div class=\"uagb-container-inner-blocks-wrap\">\n<div class=\"wp-block-uagb-advanced-heading uagb-block-927ee20e\"><h4 class=\"uagb-heading-text\">2018 Ostseetour &#8211; bis nach St. Petersburg<\/h4><p class=\"uagb-desc-text\"><a href=\"https:\/\/motorradreisen.site123.me\/\" target=\"_blank\" rel=\"noreferrer noopener\">Motorradtour durch Tschechien, Polen, Litauen, Lettland, Estland, Russland, Finnland<\/a><\/p><\/div>\n\n\n\n<p>Die Strecke nach St. Petersburg ist ein faszinierender Roadtrip, der West- und Osteuropa verbindet. Sie ist gepr\u00e4gt von weiten Strecken, kulturellen Unterschieden und der Herausforderung der Grenz\u00fcberg\u00e4nge.<\/p>\n<\/div><\/div>\n\n\n\n<div class=\"wp-block-uagb-container uagb-block-7d0dba3a alignfull uagb-is-root-container\"><div class=\"uagb-container-inner-blocks-wrap\">\n<div class=\"wp-block-uagb-advanced-heading uagb-block-836b65a0\"><h4 class=\"uagb-heading-text\">2009 Sizilien &#8211; Vulkane in Europa<\/h4><p class=\"uagb-desc-text\"><a href=\"https:\/\/familie-brust.diskstation.me\/Sizilien2009\/index.html\" target=\"_blank\" rel=\"noreferrer noopener\">Sizilien &#8211; Insel des Feuers und der Geschichte<\/a><\/p><\/div>\n\n\n\n<p>Sizilien, die gr\u00f6\u00dfte Insel des Mittelmeers, bietet eine einzigartige Mischung aus kurvenreichen Bergstra\u00dfen, atemberaubenden K\u00fcstenabschnitten und tief verwurzelter antiker Kultur.<\/p>\n<\/div><\/div>\n\n\n\n<div class=\"wp-block-uagb-container uagb-block-04adaba8 alignfull uagb-is-root-container\"><div class=\"uagb-container-inner-blocks-wrap\">\n<div class=\"wp-block-uagb-advanced-heading uagb-block-f4001548\"><h4 class=\"uagb-heading-text\">2007 Zermatt &#8211; zum Skifahren mit dem Motorrad<\/h4><p class=\"uagb-desc-text\"><a href=\"https:\/\/familie-brust.diskstation.me\/Zermatt2007\/index.html\" target=\"_blank\" rel=\"noreferrer noopener\">Zermattreise<\/a><\/p><\/div>\n\n\n\n<p>Seit dem Jahr 2006 ist es Tradition, dass wir den Abschlu\u00df der Skisaison mit dem Beginn der Motorradsaison zusammenlegen. Robi und Keule sind mit den T\u00f6ffs, wie die Schweizer sagen, nach Zermatt zum Skifaren gefahren.<\/p>\n<\/div><\/div>\n\n\n\n<div class=\"wp-block-uagb-container uagb-block-10d94f49 alignfull uagb-is-root-container\"><div class=\"uagb-container-inner-blocks-wrap\">\n<div class=\"wp-block-uagb-advanced-heading uagb-block-d1e3edab\"><h4 class=\"uagb-heading-text\">1998 Afrika<\/h4><p class=\"uagb-desc-text\"><a href=\"https:\/\/familie-brust.diskstation.me\/arcor\/Gibraltar\/Gibraltar.html\" target=\"_blank\" rel=\"noreferrer noopener\">Afrika, zumindes ein Bischen<\/a><\/p><\/div>\n\n\n\n<p>Eine 8179 km lange Motorradtour durch Frankreich, Spanien, Portugal bis nach Afrika. Das ist schon ein St\u00fcckchen, das sieht man selbst auf einer Europakarte.<\/p>\n<\/div><\/div>\n<\/div>\n\n\n\n<div class=\"wp-block-uagb-tabs-child uagb-tabs__body-container uagb-inner-tab-1\" aria-labelledby=\"uagb-tabs__tab1\">\n<div class=\"wp-block-uagb-advanced-heading uagb-block-214b5d57\"><h3 class=\"uagb-heading-text\">Fahrrad<\/h3><\/div>\n\n\n\n<div class=\"wp-block-uagb-container uagb-block-79a7f674\">\n<div class=\"wp-block-uagb-advanced-heading uagb-block-7fd47026\"><h4 class=\"uagb-heading-text\">2022 Bozen<\/h4><p class=\"uagb-desc-text\"><a href=\"https:\/\/familie-brust.diskstation.me\/wp2\/bozen2022\/\" data-type=\"page\" data-id=\"3263\" target=\"_blank\" rel=\"noreferrer noopener\">\u00dcber die Alpen mit dem E-Bike<\/a><\/p><\/div>\n\n\n\n<p>Und noch ein Alpencross, dieses mal nach Bozen, S\u00fcdtirol.<br>Und ganz bequem mit dem E-Bike.<\/p>\n<\/div>\n\n\n\n<div class=\"wp-block-uagb-container uagb-block-6dc89137\">\n<div class=\"wp-block-uagb-advanced-heading uagb-block-676242b0\"><h4 class=\"uagb-heading-text\">2011 Venedig<\/h4><p class=\"uagb-desc-text\"><a href=\"https:\/\/freizeitradler.beepworld.de\/\" target=\"_blank\" rel=\"noreferrer noopener\">Von der Heimat nach Venedig<\/a><\/p><\/div>\n\n\n\n<p>Wieder mal ein Alpencross, dieses mal nach Venedig, der Stadt im Wasser. (Leider war ich nur bei den Vorbereitungen dabei)<\/p>\n<\/div>\n\n\n\n<div class=\"wp-block-uagb-container uagb-block-146e3926\">\n<div class=\"wp-block-uagb-advanced-heading uagb-block-c517d518\"><h4 class=\"uagb-heading-text\">2006 Kochertal<\/h4><p class=\"uagb-desc-text\"><a href=\"http:\/\/singer-hbg.de\/7.html\" target=\"_blank\" rel=\"noreferrer noopener\">Kochertal Radweg<\/a><\/p><\/div>\n\n\n\n<p>Der Kochertal-Radweg ist Teil des sehr beliebten Kocher-Jagst-Radwegs, einer 335 km langen Rundtour im Nordosten Baden-W\u00fcrttembergs.<\/p>\n<\/div>\n\n\n\n<div class=\"wp-block-uagb-container uagb-block-d5ded076\">\n<div class=\"wp-block-uagb-advanced-heading uagb-block-836a69db\"><h4 class=\"uagb-heading-text\">2005 Bodensee<\/h4><p class=\"uagb-desc-text\"><a href=\"http:\/\/singer-hbg.de\/6.html\" target=\"_blank\" rel=\"noreferrer noopener\">Hochberg\/Winnenden zum Bodensee<\/a><\/p><\/div>\n\n\n\n<p>Von zuhause \u00fcber die Schw\u00e4bische Alb zum Bodensee.<\/p>\n<\/div>\n\n\n\n<div class=\"wp-block-uagb-container uagb-block-edde60cf\">\n<div class=\"wp-block-uagb-advanced-heading uagb-block-ef1725b2\"><h4 class=\"uagb-heading-text\">2004 R\u00fcgen<\/h4><p class=\"uagb-desc-text\"><a href=\"https:\/\/familie-brust.diskstation.me\/radtour2004\/index.html\" target=\"_blank\" rel=\"noreferrer noopener\">Hochberg\/Winnenden nach R\u00fcgen<\/a><\/p><\/div>\n\n\n\n<p>geht von Winnenden \/ Hochberg aus zu der Insel R\u00fcgen. Geplante L\u00e4nge rund 1.400 km von Donnerstag, den 20. Mai 2004 (Himmelfahrt\/Vatertag) bis Sonntag, den 6. Juni 2004.<\/p>\n<\/div>\n\n\n\n<div class=\"wp-block-uagb-container uagb-block-19f2df55\">\n<div class=\"wp-block-uagb-advanced-heading uagb-block-46a840b0\"><h4 class=\"uagb-heading-text\">1997 Nizza<\/h4><p class=\"uagb-desc-text\"><a href=\"https:\/\/familie-brust.diskstation.me\/Nizza1997\/Nizza1997.pdf\" target=\"_blank\" rel=\"noreferrer noopener\">Von Nizza nach Hause, erster Alpencross (PDF)<\/a><\/p><\/div>\n\n\n\n<p>Das war der erste Alpencross, ohne Navigationsger\u00e4t, daf\u00fcr ca. 20 Wanderkarten. H\u00f6henlinien wurden noch von Hand auf der Karte addiert, und auch mal ein kleines Tal mit 1200 H\u00f6henmeter vergessen.<\/p>\n<\/div>\n\n\n\n<div class=\"wp-block-uagb-container uagb-block-d5d7ee3d\">\n<div class=\"wp-block-uagb-advanced-heading uagb-block-7a0e3eea\"><h4 class=\"uagb-heading-text\">1993 Donauradweg &#8211; Von der Quelle bis Wien<\/h4><p class=\"uagb-desc-text\"><a href=\"https:\/\/familie-brust.diskstation.me\/wp2\/donauradweg-93\/\" data-type=\"page\" data-id=\"4306\" target=\"_blank\" rel=\"noreferrer noopener\">Von der Donauquelle nach Wien (PDF)<\/a><\/p><\/div>\n\n\n\n<p>Nat\u00fcrlich nehmen wir nicht nur den gem\u00fctlichen Teil von Passau nach Wien, da wo die Wege entlang der Donau eben und sehr breit sind. (Traditionelle Treidelpfade entlang der Donau und ebene Geographie machten den Wegebau einfach) sondern starten an der Donauquelle.<br>Aber auch dies f\u00fchrt wieder zu Diskussionen, denn die Donauquelle ist in Donaueschingen, wie manche Menschen behaupten.<br><strong>Aber:<\/strong> Nach allgemeiner Auffassung entsteht die Donau ein wenig \u00f6stlich des Zentrums von Donaueschingen durch den Zusammenfluss der beiden Quellfl\u00fcsse Brigach und Breg. Ein Merkspruch hierzu lautet: \u201eBrigach und Breg bringen die Donau zuweg\u201c. Als Donauquelle werden jedoch auch mindestens zwei echte Quellen bezeichnet; symbolisch die des Donaubachs in Donaueschingen und hydrologisch die des gr\u00f6\u00dferen Quellflusses Breg an der <strong>Martinskapelle bei Furtwangen<\/strong>.<\/p>\n<\/div>\n<\/div>\n\n\n\n<div class=\"wp-block-uagb-tabs-child uagb-tabs__body-container uagb-inner-tab-2\" aria-labelledby=\"uagb-tabs__tab2\">\n<div class=\"wp-block-uagb-advanced-heading uagb-block-d59fe003\"><h3 class=\"uagb-heading-text\">Sonstiges<\/h3><\/div>\n\n\n\n<div class=\"wp-block-uagb-container uagb-block-527ccfd6\">\n<div class=\"wp-block-uagb-advanced-heading uagb-block-cf32b171\"><h4 class=\"uagb-heading-text\">2023 \/ 2024 Island \/ Gr\u00f6nland<\/h4><p class=\"uagb-desc-text\"><a href=\"https:\/\/familie-brust.diskstation.me\/wp2\/gl-anfang\/\" data-type=\"page\" data-id=\"2399\" target=\"_blank\" rel=\"noreferrer noopener\">Eis und Schnee zum Jahreswechsel<\/a><\/p><\/div>\n\n\n\n<p>Es geht mal wieder auf Reisen,&nbsp;<strong>Nordlichter<\/strong>&nbsp;anschauen und mal auf dem&nbsp;<strong>ewigen Eis<\/strong>&nbsp;stehen.<\/p>\n<\/div>\n\n\n\n<div class=\"wp-block-uagb-container uagb-block-98178f9f\">\n<div class=\"wp-block-uagb-advanced-heading uagb-block-7464accc\"><h4 class=\"uagb-heading-text\">2012 Die Katzen Mogli und Babou ziehen ein<\/h4><p class=\"uagb-desc-text\"><a href=\"https:\/\/familie-brust.diskstation.me\/Katzen\/Katzenbilder\/album\/index.html\" target=\"_blank\" rel=\"noreferrer noopener\">Meine Katzen Mogli und Babou treffen ein<\/a><\/p><\/div>\n\n\n\n<p>Ein paar Bilder von den jungen Katzen<\/p>\n<\/div>\n\n\n\n<div class=\"wp-block-uagb-container uagb-block-010e2a27\">\n<div class=\"wp-block-uagb-advanced-heading uagb-block-0fd4a7b7\"><h4 class=\"uagb-heading-text\">2002 Segeln am Bodensee<\/h4><p class=\"uagb-desc-text\"><a href=\"https:\/\/familie-brust.diskstation.me\/wp2\/segeln2002\/\" target=\"_blank\" rel=\"noreferrer noopener\">Mal wieder Kapit\u00e4n spielen auf dem Bodensee<\/a><\/p><\/div>\n\n\n\n<p>Eine Segeltour rund um den Bodensee<\/p>\n<\/div>\n<\/div>\n\n\n\n<div class=\"wp-block-uagb-tabs-child uagb-tabs__body-container uagb-inner-tab-3\" aria-labelledby=\"uagb-tabs__tab3\">\n<div class=\"wp-block-uagb-advanced-heading uagb-block-dc66d705\"><h4 class=\"uagb-heading-text\">Was andere tun<\/h4><\/div>\n\n\n\n<div class=\"wp-block-uagb-container uagb-block-491ba713\">\n<div class=\"wp-block-uagb-advanced-heading uagb-block-aeb93611\"><h4 class=\"uagb-heading-text\">2019 Tochter Alexa mit ihrem Freund in S\u00fcdostasien<\/h4><p class=\"uagb-desc-text\"><a href=\"https:\/\/paulundalexasthailandtour.jimdofree.com\/\" target=\"_blank\" rel=\"noreferrer noopener\">Thailand und Malaysia bis nach Singapur<\/a><\/p><\/div>\n\n\n\n<p>Jetzt bin mal nicht ich unterwegs, sondern meine Tochter Alexa mit ihrem Freund Paul.<br>Sie sind rund 3 Monate (77 Tage) in S\u00fcdostasien unterwegs.<\/p>\n<\/div>\n\n\n\n<div class=\"wp-block-uagb-container uagb-block-c4cd476d\">\n<div class=\"wp-block-uagb-advanced-heading uagb-block-267ee825\"><h4 class=\"uagb-heading-text\">2018 Kumpel Robi und Markus W. mit dem Motorrad durch Griechenland<\/h4><p class=\"uagb-desc-text\"><a href=\"https:\/\/motorradreise-nach-griechenland.site123.me\/\" target=\"_blank\" rel=\"noreferrer noopener\">Motorradreise durch Griechenland<\/a><\/p><\/div>\n<\/div>\n<\/div>\n\n\n\n<div class=\"wp-block-uagb-tabs-child uagb-tabs__body-container uagb-inner-tab-4\" aria-labelledby=\"uagb-tabs__tab4\">\n<p>Lorem ipsum dolor sit amet, consectetur adipiscing elit. Ut elit tellus, luctus nec ullamcorper mattis, pulvinar dapibus leo.<\/p>\n<\/div>\n<\/div><\/div>\n<\/div><\/div>\n\n\n\n<p><\/p>\n","protected":false},"excerpt":{"rendered":"<p>Reiseberichte Und ein paar alte Internetseiten und Tools<\/p>\n","protected":false},"author":1,"featured_media":0,"parent":0,"menu_order":0,"comment_status":"closed","ping_status":"closed","template":"","meta":{"_uag_custom_page_level_css":"","site-sidebar-layout":"default","site-content-layout":"default","ast-site-content-layout":"default","site-content-style":"default","site-sidebar-style":"default","ast-global-header-display":"","ast-banner-title-visibility":"","ast-main-header-display":"","ast-hfb-above-header-display":"","ast-hfb-below-header-display":"","ast-hfb-mobile-header-display":"","site-post-title":"disabled","ast-breadcrumbs-content":"","ast-featured-img":"","footer-sml-layout":"","ast-disable-related-posts":"","theme-transparent-header-meta":"enabled","adv-header-id-meta":"","stick-header-meta":"","header-above-stick-meta":"","header-main-stick-meta":"","header-below-stick-meta":"","astra-migrate-meta-layouts":"set","ast-page-background-enabled":"default","ast-page-background-meta":{"desktop":{"background-color":"var(--ast-global-color-4)","background-image":"","background-repeat":"repeat","background-position":"center center","background-size":"auto","background-attachment":"scroll","background-type":"","background-media":"","overlay-type":"","overlay-color":"","overlay-opacity":"","overlay-gradient":""},"tablet":{"background-color":"","background-image":"","background-repeat":"repeat","background-position":"center center","background-size":"auto","background-attachment":"scroll","background-type":"","background-media":"","overlay-type":"","overlay-color":"","overlay-opacity":"","overlay-gradient":""},"mobile":{"background-color":"","background-image":"","background-repeat":"repeat","background-position":"center center","background-size":"auto","background-attachment":"scroll","background-type":"","background-media":"","overlay-type":"","overlay-color":"","overlay-opacity":"","overlay-gradient":""}},"ast-content-background-meta":{"desktop":{"background-color":"var(--ast-global-color-5)","background-image":"","background-repeat":"repeat","background-position":"center center","background-size":"auto","background-attachment":"scroll","background-type":"","background-media":"","overlay-type":"","overlay-color":"","overlay-opacity":"","overlay-gradient":""},"tablet":{"background-color":"var(--ast-global-color-5)","background-image":"","background-repeat":"repeat","background-position":"center center","background-size":"auto","background-attachment":"scroll","background-type":"","background-media":"","overlay-type":"","overlay-color":"","overlay-opacity":"","overlay-gradient":""},"mobile":{"background-color":"var(--ast-global-color-5)","background-image":"","background-repeat":"repeat","background-position":"center center","background-size":"auto","background-attachment":"scroll","background-type":"","background-media":"","overlay-type":"","overlay-color":"","overlay-opacity":"","overlay-gradient":""}},"footnotes":""},"class_list":["post-1548","page","type-page","status-publish","hentry"],"uagb_featured_image_src":{"full":false,"thumbnail":false,"medium":false,"medium_large":false,"large":false,"1536x1536":false,"2048x2048":false},"uagb_author_info":{"display_name":"MartinWP","author_link":"https:\/\/familie-brust.diskstation.me\/wp2\/author\/martinwp\/"},"uagb_comment_info":0,"uagb_excerpt":"Reiseberichte Und ein paar alte Internetseiten und Tools","_links":{"self":[{"href":"https:\/\/familie-brust.diskstation.me\/wp2\/wp-json\/wp\/v2\/pages\/1548","targetHints":{"allow":["GET"]}}],"collection":[{"href":"https:\/\/familie-brust.diskstation.me\/wp2\/wp-json\/wp\/v2\/pages"}],"about":[{"href":"https:\/\/familie-brust.diskstation.me\/wp2\/wp-json\/wp\/v2\/types\/page"}],"author":[{"embeddable":true,"href":"https:\/\/familie-brust.diskstation.me\/wp2\/wp-json\/wp\/v2\/users\/1"}],"replies":[{"embeddable":true,"href":"https:\/\/familie-brust.diskstation.me\/wp2\/wp-json\/wp\/v2\/comments?post=1548"}],"version-history":[{"count":10,"href":"https:\/\/familie-brust.diskstation.me\/wp2\/wp-json\/wp\/v2\/pages\/1548\/revisions"}],"predecessor-version":[{"id":4763,"href":"https:\/\/familie-brust.diskstation.me\/wp2\/wp-json\/wp\/v2\/pages\/1548\/revisions\/4763"}],"wp:attachment":[{"href":"https:\/\/familie-brust.diskstation.me\/wp2\/wp-json\/wp\/v2\/media?parent=1548"}],"curies":[{"name":"wp","href":"https:\/\/api.w.org\/{rel}","templated":true}]}}